{"id":1654,"date":"2012-07-25T14:33:12","date_gmt":"2012-07-25T20:33:12","guid":{"rendered":"http:\/\/art.bradley.edu\/will\/?page_id=1654"},"modified":"2020-10-14T20:07:28","modified_gmt":"2020-10-14T20:07:28","slug":"the-satere-mauwe-2","status":"publish","type":"page","link":"http:\/\/art.bradley.edu\/will\/photography\/the-satere-mauwe-2\/","title":{"rendered":"The Sater\u00e9 Mauw\u00e9"},"content":{"rendered":"<p><strong>The Sater\u00e9 Mauw\u00e9<\/strong><br \/>A visual narrative by Gary N. Will<\/p>\n<p><a href=\"http:\/\/art.bradley.edu\/will\/files\/2020\/10\/1.The_Big_Guy.jpg\"><img loading=\"lazy\" decoding=\"async\" class=\"alignnone  wp-image-7223\" src=\"http:\/\/art.bradley.edu\/will\/files\/2020\/10\/1.The_Big_Guy-225x300.jpg\" alt=\"\" width=\"660\" height=\"880\" srcset=\"http:\/\/art.bradley.edu\/will\/files\/2020\/10\/1.The_Big_Guy-225x300.jpg 225w, http:\/\/art.bradley.edu\/will\/files\/2020\/10\/1.The_Big_Guy.jpg 768w\" sizes=\"auto, (max-width: 660px) 100vw, 660px\" \/><\/a><\/p>\n<p>In March 2012 Riverside Community Church in Peoria IL sent a mission team to Manaus, Brazil. Working in collaboration with the locally based <em>Ray of Hope<\/em>, <em>Central Church<\/em> and <em>Wings of Help<\/em> organizations, the mission&#8217;s purpose was to minister to the indigenous Sater\u00e9 Indian community of the Vila Nova village, on the Mara\u00fa lake, and also to supply humanitarian aid, as well as help to construct a new church building.<\/p>\n<p>I was invited to join the mission during my sabbatical. As well as &#8216;pitching in&#8217; with the everyday activities of the team, and equipped with just a &#8216;point and shoot&#8217; camera, (to capture the spontaneity of the moment), my main purpose was to visually narrate the <em>characters<\/em> of Manaus, the rainforest and, in particular, the Sater\u00e9 people themselves (with an unapologetic biased towards recording the lives of the beautiful children of the village!)<\/p>\n<p>Solo Photography Exhibition<br \/><strong>SEPTEMBER 14th until 28th 2012<\/strong><br \/>Warehouse Gallery One. Prairie Center of the Arts. Peoria IL<\/p>\n<p>Accompanying book, available to purchase at the link below:<\/p>\n<div style=\"text-align: left;width: 450px\">\n<div><a style=\"margin: 12px 3px\" href=\"http:\/\/www.blurb.com\/bookstore\/detail\/3255725?ce=blurb_ew&amp;utm_source=widget\" target=\"_blank\" rel=\"noopener noreferrer\">The Sater\u00e9 Mauw\u00e9 by Gary N. Will<\/a> | <a style=\"margin: 12px 3px\" href=\"http:\/\/www.blurb.com\/landing_pages\/bookshow?ce=blurb_ew&amp;utm_source=widget\" target=\"_blank\" rel=\"noopener noreferrer\">Make Your Own Book<\/a><\/div>\n<\/div>\n<div>\u00a0<\/div>\n<div style=\"text-align: left;width: 450px\">\n<div>\u00a0<\/div>\n<\/div>\n\n\n<figure class=\"wp-block-image size-large\"><img loading=\"lazy\" decoding=\"async\" width=\"768\" height=\"1024\" src=\"http:\/\/art.bradley.edu\/will\/files\/2020\/10\/2.Group_of_Kids.jpg\" alt=\"\" class=\"wp-image-7228\" srcset=\"http:\/\/art.bradley.edu\/will\/files\/2020\/10\/2.Group_of_Kids.jpg 768w, http:\/\/art.bradley.edu\/will\/files\/2020\/10\/2.Group_of_Kids-225x300.jpg 225w\" sizes=\"auto, (max-width: 767px) 89vw, (max-width: 1000px) 54vw, (max-width: 1071px) 543px, 580px\" \/><\/figure>\n\n\n\n<figure class=\"wp-block-image size-large\"><img loading=\"lazy\" decoding=\"async\" width=\"1024\" height=\"768\" src=\"http:\/\/art.bradley.edu\/will\/files\/2020\/10\/1.Cutes_and_Mom.jpg\" alt=\"\" class=\"wp-image-7222\" srcset=\"http:\/\/art.bradley.edu\/will\/files\/2020\/10\/1.Cutes_and_Mom.jpg 1024w, http:\/\/art.bradley.edu\/will\/files\/2020\/10\/1.Cutes_and_Mom-300x225.jpg 300w, http:\/\/art.bradley.edu\/will\/files\/2020\/10\/1.Cutes_and_Mom-768x576.jpg 768w\" sizes=\"auto, (max-width: 767px) 89vw, (max-width: 1000px) 54vw, (max-width: 1071px) 543px, 580px\" \/><\/figure>\n\n\n\n<!--more-->\n\n\n\n<figure class=\"wp-block-gallery columns-3 is-cropped wp-block-gallery-1 is-layout-flex wp-block-gallery-is-layout-flex\"><ul class=\"blocks-gallery-grid\"><li class=\"blocks-gallery-item\"><figure><img loading=\"lazy\" decoding=\"async\" width=\"768\" height=\"1024\" src=\"http:\/\/art.bradley.edu\/will\/files\/2020\/10\/4.Woman_Asleep_Market.jpg\" alt=\"\" data-id=\"7243\" data-full-url=\"http:\/\/art.bradley.edu\/will\/files\/2020\/10\/4.Woman_Asleep_Market.jpg\" data-link=\"http:\/\/art.bradley.edu\/will\/4-woman_asleep_market-2\/\" class=\"wp-image-7243\" srcset=\"http:\/\/art.bradley.edu\/will\/files\/2020\/10\/4.Woman_Asleep_Market.jpg 768w, http:\/\/art.bradley.edu\/will\/files\/2020\/10\/4.Woman_Asleep_Market-225x300.jpg 225w\" sizes=\"auto, (max-width: 767px) 89vw, (max-width: 1000px) 54vw, (max-width: 1071px) 543px, 580px\" \/><\/figure><\/li><li class=\"blocks-gallery-item\"><figure><img loading=\"lazy\" decoding=\"async\" width=\"769\" height=\"1024\" src=\"http:\/\/art.bradley.edu\/will\/files\/2020\/10\/4.Shacks.jpg\" alt=\"\" data-id=\"7242\" data-full-url=\"http:\/\/art.bradley.edu\/will\/files\/2020\/10\/4.Shacks.jpg\" data-link=\"http:\/\/art.bradley.edu\/will\/4-shacks-2\/\" class=\"wp-image-7242\" srcset=\"http:\/\/art.bradley.edu\/will\/files\/2020\/10\/4.Shacks.jpg 769w, http:\/\/art.bradley.edu\/will\/files\/2020\/10\/4.Shacks-225x300.jpg 225w\" sizes=\"auto, (max-width: 767px) 89vw, (max-width: 1000px) 54vw, (max-width: 1071px) 543px, 580px\" \/><\/figure><\/li><li class=\"blocks-gallery-item\"><figure><img loading=\"lazy\" decoding=\"async\" width=\"768\" height=\"1024\" src=\"http:\/\/art.bradley.edu\/will\/files\/2020\/10\/4.Man_Woman.jpg\" alt=\"\" data-id=\"7241\" data-full-url=\"http:\/\/art.bradley.edu\/will\/files\/2020\/10\/4.Man_Woman.jpg\" data-link=\"http:\/\/art.bradley.edu\/will\/4-man_woman-2\/\" class=\"wp-image-7241\" srcset=\"http:\/\/art.bradley.edu\/will\/files\/2020\/10\/4.Man_Woman.jpg 768w, http:\/\/art.bradley.edu\/will\/files\/2020\/10\/4.Man_Woman-225x300.jpg 225w\" sizes=\"auto, (max-width: 767px) 89vw, (max-width: 1000px) 54vw, (max-width: 1071px) 543px, 580px\" \/><\/figure><\/li><li class=\"blocks-gallery-item\"><figure><img loading=\"lazy\" decoding=\"async\" width=\"768\" height=\"1024\" src=\"http:\/\/art.bradley.edu\/will\/files\/2020\/10\/4.Little_girl_long_hair1.jpg\" alt=\"\" data-id=\"7240\" data-full-url=\"http:\/\/art.bradley.edu\/will\/files\/2020\/10\/4.Little_girl_long_hair1.jpg\" data-link=\"http:\/\/art.bradley.edu\/will\/4-little_girl_long_hair1\/\" class=\"wp-image-7240\" srcset=\"http:\/\/art.bradley.edu\/will\/files\/2020\/10\/4.Little_girl_long_hair1.jpg 768w, http:\/\/art.bradley.edu\/will\/files\/2020\/10\/4.Little_girl_long_hair1-225x300.jpg 225w\" sizes=\"auto, (max-width: 767px) 89vw, (max-width: 1000px) 54vw, (max-width: 1071px) 543px, 580px\" \/><\/figure><\/li><li class=\"blocks-gallery-item\"><figure><img loading=\"lazy\" decoding=\"async\" width=\"768\" height=\"1024\" src=\"http:\/\/art.bradley.edu\/will\/files\/2020\/10\/3.Nightime_Scenery.jpg\" alt=\"\" data-id=\"7236\" data-full-url=\"http:\/\/art.bradley.edu\/will\/files\/2020\/10\/3.Nightime_Scenery.jpg\" data-link=\"http:\/\/art.bradley.edu\/will\/3-nightime_scenery\/\" class=\"wp-image-7236\" srcset=\"http:\/\/art.bradley.edu\/will\/files\/2020\/10\/3.Nightime_Scenery.jpg 768w, http:\/\/art.bradley.edu\/will\/files\/2020\/10\/3.Nightime_Scenery-225x300.jpg 225w\" sizes=\"auto, (max-width: 767px) 89vw, (max-width: 1000px) 54vw, (max-width: 1071px) 543px, 580px\" \/><\/figure><\/li><li class=\"blocks-gallery-item\"><figure><img loading=\"lazy\" decoding=\"async\" width=\"768\" height=\"1024\" src=\"http:\/\/art.bradley.edu\/will\/files\/2020\/10\/3.Two_Boys_Infront_of_Hut.jpg\" alt=\"\" data-id=\"7237\" data-full-url=\"http:\/\/art.bradley.edu\/will\/files\/2020\/10\/3.Two_Boys_Infront_of_Hut.jpg\" data-link=\"http:\/\/art.bradley.edu\/will\/3-two_boys_infront_of_hut-2\/\" class=\"wp-image-7237\" srcset=\"http:\/\/art.bradley.edu\/will\/files\/2020\/10\/3.Two_Boys_Infront_of_Hut.jpg 768w, http:\/\/art.bradley.edu\/will\/files\/2020\/10\/3.Two_Boys_Infront_of_Hut-225x300.jpg 225w\" sizes=\"auto, (max-width: 767px) 89vw, (max-width: 1000px) 54vw, (max-width: 1071px) 543px, 580px\" \/><\/figure><\/li><li class=\"blocks-gallery-item\"><figure><img loading=\"lazy\" decoding=\"async\" width=\"1024\" height=\"768\" src=\"http:\/\/art.bradley.edu\/will\/files\/2020\/10\/4.Hut_and_Riverbank.jpg\" alt=\"\" data-id=\"7238\" data-full-url=\"http:\/\/art.bradley.edu\/will\/files\/2020\/10\/4.Hut_and_Riverbank.jpg\" data-link=\"http:\/\/art.bradley.edu\/will\/4-hut_and_riverbank-2\/\" class=\"wp-image-7238\" srcset=\"http:\/\/art.bradley.edu\/will\/files\/2020\/10\/4.Hut_and_Riverbank.jpg 1024w, http:\/\/art.bradley.edu\/will\/files\/2020\/10\/4.Hut_and_Riverbank-300x225.jpg 300w, http:\/\/art.bradley.edu\/will\/files\/2020\/10\/4.Hut_and_Riverbank-768x576.jpg 768w\" sizes=\"auto, (max-width: 767px) 89vw, (max-width: 1000px) 54vw, (max-width: 1071px) 543px, 580px\" \/><\/figure><\/li><li class=\"blocks-gallery-item\"><figure><img loading=\"lazy\" decoding=\"async\" width=\"768\" height=\"1024\" src=\"http:\/\/art.bradley.edu\/will\/files\/2020\/10\/4.Lily_Pads.jpg\" alt=\"\" data-id=\"7239\" data-full-url=\"http:\/\/art.bradley.edu\/will\/files\/2020\/10\/4.Lily_Pads.jpg\" data-link=\"http:\/\/art.bradley.edu\/will\/4-lily_pads-2\/\" class=\"wp-image-7239\" srcset=\"http:\/\/art.bradley.edu\/will\/files\/2020\/10\/4.Lily_Pads.jpg 768w, http:\/\/art.bradley.edu\/will\/files\/2020\/10\/4.Lily_Pads-225x300.jpg 225w\" sizes=\"auto, (max-width: 767px) 89vw, (max-width: 1000px) 54vw, (max-width: 1071px) 543px, 580px\" \/><\/figure><\/li><li class=\"blocks-gallery-item\"><figure><img loading=\"lazy\" decoding=\"async\" width=\"1024\" height=\"768\" src=\"http:\/\/art.bradley.edu\/will\/files\/2020\/10\/3.Itacoatiara_Riverbank.jpg\" alt=\"\" data-id=\"7235\" data-full-url=\"http:\/\/art.bradley.edu\/will\/files\/2020\/10\/3.Itacoatiara_Riverbank.jpg\" data-link=\"http:\/\/art.bradley.edu\/will\/3-itacoatiara_riverbank-2\/\" class=\"wp-image-7235\" srcset=\"http:\/\/art.bradley.edu\/will\/files\/2020\/10\/3.Itacoatiara_Riverbank.jpg 1024w, http:\/\/art.bradley.edu\/will\/files\/2020\/10\/3.Itacoatiara_Riverbank-300x225.jpg 300w, http:\/\/art.bradley.edu\/will\/files\/2020\/10\/3.Itacoatiara_Riverbank-768x576.jpg 768w\" sizes=\"auto, (max-width: 767px) 89vw, (max-width: 1000px) 54vw, (max-width: 1071px) 543px, 580px\" \/><\/figure><\/li><li class=\"blocks-gallery-item\"><figure><img loading=\"lazy\" decoding=\"async\" width=\"1024\" height=\"768\" src=\"http:\/\/art.bradley.edu\/will\/files\/2020\/10\/3.Hut_and_Boat.jpg\" alt=\"\" data-id=\"7234\" data-full-url=\"http:\/\/art.bradley.edu\/will\/files\/2020\/10\/3.Hut_and_Boat.jpg\" data-link=\"http:\/\/art.bradley.edu\/will\/3-hut_and_boat\/\" class=\"wp-image-7234\" srcset=\"http:\/\/art.bradley.edu\/will\/files\/2020\/10\/3.Hut_and_Boat.jpg 1024w, http:\/\/art.bradley.edu\/will\/files\/2020\/10\/3.Hut_and_Boat-300x225.jpg 300w, http:\/\/art.bradley.edu\/will\/files\/2020\/10\/3.Hut_and_Boat-768x576.jpg 768w\" sizes=\"auto, (max-width: 767px) 89vw, (max-width: 1000px) 54vw, (max-width: 1071px) 543px, 580px\" \/><\/figure><\/li><li class=\"blocks-gallery-item\"><figure><img loading=\"lazy\" decoding=\"async\" width=\"1024\" height=\"768\" src=\"http:\/\/art.bradley.edu\/will\/files\/2020\/10\/3.Hammocks.jpg\" alt=\"\" data-id=\"7233\" data-full-url=\"http:\/\/art.bradley.edu\/will\/files\/2020\/10\/3.Hammocks.jpg\" data-link=\"http:\/\/art.bradley.edu\/will\/3-hammocks\/\" class=\"wp-image-7233\" srcset=\"http:\/\/art.bradley.edu\/will\/files\/2020\/10\/3.Hammocks.jpg 1024w, http:\/\/art.bradley.edu\/will\/files\/2020\/10\/3.Hammocks-300x225.jpg 300w, http:\/\/art.bradley.edu\/will\/files\/2020\/10\/3.Hammocks-768x576.jpg 768w\" sizes=\"auto, (max-width: 767px) 89vw, (max-width: 1000px) 54vw, (max-width: 1071px) 543px, 580px\" \/><\/figure><\/li><li class=\"blocks-gallery-item\"><figure><img loading=\"lazy\" decoding=\"async\" width=\"767\" height=\"1024\" src=\"http:\/\/art.bradley.edu\/will\/files\/2020\/10\/3.Girl_Shoes.jpg\" alt=\"\" data-id=\"7232\" data-full-url=\"http:\/\/art.bradley.edu\/will\/files\/2020\/10\/3.Girl_Shoes.jpg\" data-link=\"http:\/\/art.bradley.edu\/will\/photography\/the-satere-mauwe-2\/3-girl_shoes-2\/\" class=\"wp-image-7232\" srcset=\"http:\/\/art.bradley.edu\/will\/files\/2020\/10\/3.Girl_Shoes.jpg 767w, http:\/\/art.bradley.edu\/will\/files\/2020\/10\/3.Girl_Shoes-225x300.jpg 225w\" sizes=\"auto, (max-width: 767px) 89vw, (max-width: 1000px) 54vw, (max-width: 1071px) 543px, 580px\" \/><\/figure><\/li><li class=\"blocks-gallery-item\"><figure><img loading=\"lazy\" decoding=\"async\" width=\"768\" height=\"1024\" src=\"http:\/\/art.bradley.edu\/will\/files\/2020\/10\/2.Guy_in_Chair_Market.jpg\" alt=\"\" data-id=\"7229\" data-full-url=\"http:\/\/art.bradley.edu\/will\/files\/2020\/10\/2.Guy_in_Chair_Market.jpg\" data-link=\"http:\/\/art.bradley.edu\/will\/2-guy_in_chair_market\/\" class=\"wp-image-7229\" srcset=\"http:\/\/art.bradley.edu\/will\/files\/2020\/10\/2.Guy_in_Chair_Market.jpg 768w, http:\/\/art.bradley.edu\/will\/files\/2020\/10\/2.Guy_in_Chair_Market-225x300.jpg 225w\" sizes=\"auto, (max-width: 767px) 89vw, (max-width: 1000px) 54vw, (max-width: 1071px) 543px, 580px\" \/><\/figure><\/li><li class=\"blocks-gallery-item\"><figure><img loading=\"lazy\" decoding=\"async\" width=\"768\" height=\"1024\" src=\"http:\/\/art.bradley.edu\/will\/files\/2020\/10\/2.Human_Statue.jpg\" alt=\"\" data-id=\"7230\" data-full-url=\"http:\/\/art.bradley.edu\/will\/files\/2020\/10\/2.Human_Statue.jpg\" data-link=\"http:\/\/art.bradley.edu\/will\/2-human_statue-2\/\" class=\"wp-image-7230\" srcset=\"http:\/\/art.bradley.edu\/will\/files\/2020\/10\/2.Human_Statue.jpg 768w, http:\/\/art.bradley.edu\/will\/files\/2020\/10\/2.Human_Statue-225x300.jpg 225w\" sizes=\"auto, (max-width: 767px) 89vw, (max-width: 1000px) 54vw, (max-width: 1071px) 543px, 580px\" \/><\/figure><\/li><li class=\"blocks-gallery-item\"><figure><img loading=\"lazy\" decoding=\"async\" width=\"1024\" height=\"768\" src=\"http:\/\/art.bradley.edu\/will\/files\/2020\/10\/3.Girl_Looking_Over_Fence.jpg\" alt=\"\" data-id=\"7231\" data-full-url=\"http:\/\/art.bradley.edu\/will\/files\/2020\/10\/3.Girl_Looking_Over_Fence.jpg\" data-link=\"http:\/\/art.bradley.edu\/will\/3-girl_looking_over_fence\/\" class=\"wp-image-7231\" srcset=\"http:\/\/art.bradley.edu\/will\/files\/2020\/10\/3.Girl_Looking_Over_Fence.jpg 1024w, http:\/\/art.bradley.edu\/will\/files\/2020\/10\/3.Girl_Looking_Over_Fence-300x225.jpg 300w, http:\/\/art.bradley.edu\/will\/files\/2020\/10\/3.Girl_Looking_Over_Fence-768x576.jpg 768w\" sizes=\"auto, (max-width: 767px) 89vw, (max-width: 1000px) 54vw, (max-width: 1071px) 543px, 580px\" \/><\/figure><\/li><li class=\"blocks-gallery-item\"><figure><img loading=\"lazy\" decoding=\"async\" width=\"768\" height=\"1024\" src=\"http:\/\/art.bradley.edu\/will\/files\/2020\/10\/2.Cutey_On_Fence.jpg\" alt=\"\" data-id=\"7227\" data-full-url=\"http:\/\/art.bradley.edu\/will\/files\/2020\/10\/2.Cutey_On_Fence.jpg\" data-link=\"http:\/\/art.bradley.edu\/will\/2-cutey_on_fence-2\/\" class=\"wp-image-7227\" srcset=\"http:\/\/art.bradley.edu\/will\/files\/2020\/10\/2.Cutey_On_Fence.jpg 768w, http:\/\/art.bradley.edu\/will\/files\/2020\/10\/2.Cutey_On_Fence-225x300.jpg 225w\" sizes=\"auto, (max-width: 767px) 89vw, (max-width: 1000px) 54vw, (max-width: 1071px) 543px, 580px\" \/><\/figure><\/li><li class=\"blocks-gallery-item\"><figure><img loading=\"lazy\" decoding=\"async\" width=\"1024\" height=\"768\" src=\"http:\/\/art.bradley.edu\/will\/files\/2020\/10\/2.Cheeky_Gang.jpg\" alt=\"\" data-id=\"7226\" data-full-url=\"http:\/\/art.bradley.edu\/will\/files\/2020\/10\/2.Cheeky_Gang.jpg\" data-link=\"http:\/\/art.bradley.edu\/will\/2-cheeky_gang-2\/\" class=\"wp-image-7226\" srcset=\"http:\/\/art.bradley.edu\/will\/files\/2020\/10\/2.Cheeky_Gang.jpg 1024w, http:\/\/art.bradley.edu\/will\/files\/2020\/10\/2.Cheeky_Gang-300x225.jpg 300w, http:\/\/art.bradley.edu\/will\/files\/2020\/10\/2.Cheeky_Gang-768x576.jpg 768w\" sizes=\"auto, (max-width: 767px) 89vw, (max-width: 1000px) 54vw, (max-width: 1071px) 543px, 580px\" \/><\/figure><\/li><li class=\"blocks-gallery-item\"><figure><img loading=\"lazy\" decoding=\"async\" width=\"768\" height=\"1024\" src=\"http:\/\/art.bradley.edu\/will\/files\/2020\/10\/2.Bike_on_Boat.jpg\" alt=\"\" data-id=\"7225\" data-full-url=\"http:\/\/art.bradley.edu\/will\/files\/2020\/10\/2.Bike_on_Boat.jpg\" data-link=\"http:\/\/art.bradley.edu\/will\/2-bike_on_boat-2\/\" class=\"wp-image-7225\" srcset=\"http:\/\/art.bradley.edu\/will\/files\/2020\/10\/2.Bike_on_Boat.jpg 768w, http:\/\/art.bradley.edu\/will\/files\/2020\/10\/2.Bike_on_Boat-225x300.jpg 225w\" sizes=\"auto, (max-width: 767px) 89vw, (max-width: 1000px) 54vw, (max-width: 1071px) 543px, 580px\" \/><\/figure><\/li><li class=\"blocks-gallery-item\"><figure><img loading=\"lazy\" decoding=\"async\" width=\"768\" height=\"1024\" src=\"http:\/\/art.bradley.edu\/will\/files\/2020\/10\/2.Beads_.jpg\" alt=\"\" data-id=\"7224\" data-full-url=\"http:\/\/art.bradley.edu\/will\/files\/2020\/10\/2.Beads_.jpg\" data-link=\"http:\/\/art.bradley.edu\/will\/2-beads\/\" class=\"wp-image-7224\" srcset=\"http:\/\/art.bradley.edu\/will\/files\/2020\/10\/2.Beads_.jpg 768w, http:\/\/art.bradley.edu\/will\/files\/2020\/10\/2.Beads_-225x300.jpg 225w\" sizes=\"auto, (max-width: 767px) 89vw, (max-width: 1000px) 54vw, (max-width: 1071px) 543px, 580px\" \/><\/figure><\/li><li class=\"blocks-gallery-item\"><figure><img loading=\"lazy\" decoding=\"async\" width=\"770\" height=\"1024\" src=\"http:\/\/art.bradley.edu\/will\/files\/2020\/10\/1.Boy_Looking_in_River.jpg\" alt=\"\" data-id=\"7220\" data-full-url=\"http:\/\/art.bradley.edu\/will\/files\/2020\/10\/1.Boy_Looking_in_River.jpg\" data-link=\"http:\/\/art.bradley.edu\/will\/1-boy_looking_in_river-2\/\" class=\"wp-image-7220\" srcset=\"http:\/\/art.bradley.edu\/will\/files\/2020\/10\/1.Boy_Looking_in_River.jpg 770w, http:\/\/art.bradley.edu\/will\/files\/2020\/10\/1.Boy_Looking_in_River-226x300.jpg 226w, http:\/\/art.bradley.edu\/will\/files\/2020\/10\/1.Boy_Looking_in_River-768x1021.jpg 768w\" sizes=\"auto, (max-width: 767px) 89vw, (max-width: 1000px) 54vw, (max-width: 1071px) 543px, 580px\" \/><\/figure><\/li><li class=\"blocks-gallery-item\"><figure><img loading=\"lazy\" decoding=\"async\" width=\"768\" height=\"1024\" src=\"http:\/\/art.bradley.edu\/will\/files\/2020\/10\/1.Cheeky_Kid_Pose.jpg\" alt=\"\" data-id=\"7221\" data-full-url=\"http:\/\/art.bradley.edu\/will\/files\/2020\/10\/1.Cheeky_Kid_Pose.jpg\" data-link=\"http:\/\/art.bradley.edu\/will\/1-cheeky_kid_pose-3\/\" class=\"wp-image-7221\" srcset=\"http:\/\/art.bradley.edu\/will\/files\/2020\/10\/1.Cheeky_Kid_Pose.jpg 768w, http:\/\/art.bradley.edu\/will\/files\/2020\/10\/1.Cheeky_Kid_Pose-225x300.jpg 225w\" sizes=\"auto, (max-width: 767px) 89vw, (max-width: 1000px) 54vw, (max-width: 1071px) 543px, 580px\" \/><\/figure><\/li><li class=\"blocks-gallery-item\"><figure><img loading=\"lazy\" decoding=\"async\" width=\"770\" height=\"1024\" src=\"http:\/\/art.bradley.edu\/will\/files\/2020\/10\/1.Boat_Reflection.jpg\" alt=\"\" data-id=\"7219\" data-full-url=\"http:\/\/art.bradley.edu\/will\/files\/2020\/10\/1.Boat_Reflection.jpg\" data-link=\"http:\/\/art.bradley.edu\/will\/1-boat_reflection-3\/\" class=\"wp-image-7219\" srcset=\"http:\/\/art.bradley.edu\/will\/files\/2020\/10\/1.Boat_Reflection.jpg 770w, http:\/\/art.bradley.edu\/will\/files\/2020\/10\/1.Boat_Reflection-226x300.jpg 226w, http:\/\/art.bradley.edu\/will\/files\/2020\/10\/1.Boat_Reflection-768x1021.jpg 768w\" sizes=\"auto, (max-width: 767px) 89vw, (max-width: 1000px) 54vw, (max-width: 1071px) 543px, 580px\" \/><\/figure><\/li><\/ul><\/figure>\n","protected":false},"excerpt":{"rendered":"<p>The Sater\u00e9 Mauw\u00e9A visual narrative by Gary N. Will In March 2012 Riverside Community Church in Peoria IL sent a mission team to Manaus, Brazil. Working in collaboration with the locally based Ray of Hope, Central Church and Wings of Help organizations, the mission&#8217;s purpose was to minister to the indigenous Sater\u00e9 Indian community of &hellip; <\/p>\n<p class=\"link-more\"><a href=\"http:\/\/art.bradley.edu\/will\/photography\/the-satere-mauwe-2\/\" class=\"more-link\">Continue reading<span class=\"screen-reader-text\"> &#8220;The Sater\u00e9 Mauw\u00e9&#8221;<\/span><\/a><\/p>\n","protected":false},"author":10,"featured_media":0,"parent":1405,"menu_order":0,"comment_status":"closed","ping_status":"closed","template":"","meta":{"footnotes":""},"class_list":["post-1654","page","type-page","status-publish","hentry"],"_links":{"self":[{"href":"http:\/\/art.bradley.edu\/will\/wp-json\/wp\/v2\/pages\/1654","targetHints":{"allow":["GET"]}}],"collection":[{"href":"http:\/\/art.bradley.edu\/will\/wp-json\/wp\/v2\/pages"}],"about":[{"href":"http:\/\/art.bradley.edu\/will\/wp-json\/wp\/v2\/types\/page"}],"author":[{"embeddable":true,"href":"http:\/\/art.bradley.edu\/will\/wp-json\/wp\/v2\/users\/10"}],"replies":[{"embeddable":true,"href":"http:\/\/art.bradley.edu\/will\/wp-json\/wp\/v2\/comments?post=1654"}],"version-history":[{"count":26,"href":"http:\/\/art.bradley.edu\/will\/wp-json\/wp\/v2\/pages\/1654\/revisions"}],"predecessor-version":[{"id":7247,"href":"http:\/\/art.bradley.edu\/will\/wp-json\/wp\/v2\/pages\/1654\/revisions\/7247"}],"up":[{"embeddable":true,"href":"http:\/\/art.bradley.edu\/will\/wp-json\/wp\/v2\/pages\/1405"}],"wp:attachment":[{"href":"http:\/\/art.bradley.edu\/will\/wp-json\/wp\/v2\/media?parent=1654"}],"curies":[{"name":"wp","href":"https:\/\/api.w.org\/{rel}","templated":true}]}}